{"id":835,"date":"2022-06-10T07:44:22","date_gmt":"2022-06-10T07:44:22","guid":{"rendered":"https:\/\/holidayinmalaga.com\/apartment\/picasso\/"},"modified":"2024-12-25T10:46:24","modified_gmt":"2024-12-25T10:46:24","slug":"picasso","status":"publish","type":"product","link":"https:\/\/holidayinmalaga.com\/es\/apartment\/picasso\/","title":{"rendered":"Apartamento estilo Picasso"},"content":{"rendered":"<p>Una vivienda nueva muy elegante, muy acogedor, moderno, decorado con un equilibrio entre el arte de la ciudad y lujo. La vivienda cuenta con 3 habitaciones 2 ba\u00f1os, sal\u00f3n comedor, cocina, terraza y plaza de garaje. Es una vivienda muy personalizada por tener una decoraci\u00f3n de algunas de las obras de Pablo Picasso. La vivienda est\u00e1 situada a pocos metros de la Plaza de la Merced, la casa natal de Picasso, el Alcazaba. En pleno centro de M\u00e1laga. 15 min caminando al Muelle Uno, la playa a 18 min caminando, fruter\u00eda y supermercado a unos 200 mts, parada de autob\u00fas a 50 mt., patinetes el\u00e9ctricos a 30 mt.<\/p>\n","protected":false},"excerpt":{"rendered":"<p>Apartamento estilo Picasso con aparcamiento<\/p>\n","protected":false},"featured_media":1191,"comment_status":"open","ping_status":"closed","template":"","meta":[],"product_brand":[],"product_cat":[165],"product_tag":[98,97,150,182,139,138,168,144,147,169,140,149,143,95,141,148,183,167,145,100,152,146,181,96,153,99,185],"class_list":{"0":"post-835","1":"product","2":"type-product","3":"status-publish","4":"has-post-thumbnail","6":"product_cat-victoria-es","7":"product_tag-aircon-es-2","8":"product_tag-parking-es-2","9":"product_tag-parking-paid-es","10":"product_tag-ascensor","11":"product_tag-coffee-machine-es-2","12":"product_tag-boiler-es","13":"product_tag-heating-es","14":"product_tag-fireplace-es","15":"product_tag-kitchen-es","16":"product_tag-freezer-es-2","17":"product_tag-cot-es","18":"product_tag-outside-space-es","19":"product_tag-electric-kettle-es","20":"product_tag-washer-es-2","21":"product_tag-dishwasher-es-2","22":"product_tag-microwave-oven-es","23":"product_tag-muebles-de-exterior","24":"product_tag-nespresso-es","25":"product_tag-fridge-es","26":"product_tag-steam-iron-es-2","27":"product_tag-plates-cutlery-es-2","28":"product_tag-hair-dryer-es","29":"product_tag-secadoras-de-ropa","30":"product_tag-tv-es","31":"product_tag-toaster-es","32":"product_tag-wifi-es-2","33":"product_tag-zona-para-trabajar","34":"pa_bathrooms-2-es","36":"first","37":"instock","38":"sold-individually","39":"taxable","40":"shipping-taxable","41":"purchasable","42":"product-type-booking"},"acf":[],"_links":{"self":[{"href":"https:\/\/holidayinmalaga.com\/es\/wp-json\/wp\/v2\/product\/835","targetHints":{"allow":["GET"]}}],"collection":[{"href":"https:\/\/holidayinmalaga.com\/es\/wp-json\/wp\/v2\/product"}],"about":[{"href":"https:\/\/holidayinmalaga.com\/es\/wp-json\/wp\/v2\/types\/product"}],"replies":[{"embeddable":true,"href":"https:\/\/holidayinmalaga.com\/es\/wp-json\/wp\/v2\/comments?post=835"}],"wp:featuredmedia":[{"embeddable":true,"href":"https:\/\/holidayinmalaga.com\/es\/wp-json\/wp\/v2\/media\/1191"}],"wp:attachment":[{"href":"https:\/\/holidayinmalaga.com\/es\/wp-json\/wp\/v2\/media?parent=835"}],"wp:term":[{"taxonomy":"product_brand","embeddable":true,"href":"https:\/\/holidayinmalaga.com\/es\/wp-json\/wp\/v2\/product_brand?post=835"},{"taxonomy":"product_cat","embeddable":true,"href":"https:\/\/holidayinmalaga.com\/es\/wp-json\/wp\/v2\/product_cat?post=835"},{"taxonomy":"product_tag","embeddable":true,"href":"https:\/\/holidayinmalaga.com\/es\/wp-json\/wp\/v2\/product_tag?post=835"}],"curies":[{"name":"wp","href":"https:\/\/api.w.org\/{rel}","templated":true}]}}