{"id":834,"date":"2024-12-02T17:11:13","date_gmt":"2024-12-02T17:11:13","guid":{"rendered":"https:\/\/holidayinmalaga.com\/apartment\/clemens-estudio-2\/"},"modified":"2024-12-25T10:39:30","modified_gmt":"2024-12-25T10:39:30","slug":"clemens-2","status":"publish","type":"product","link":"https:\/\/holidayinmalaga.com\/es\/apartment\/clemens-2\/","title":{"rendered":"Authentic Studio Alcazaba Viv 2"},"content":{"rendered":"<p>Se trata de Alojamiento con identidad propia hist\u00f3rico y moderno, con mucha personalidad y estilo, Tranquilo y muy c\u00e9ntrico, Decoraci\u00f3n, muebles, electrodom\u00e9sticos totalmente nuevos y de buena calidad. Terraza exterior. El Edificio es hist\u00f3rico y totalmente renovado has 2 a\u00f1os. Al lado de la Plaza de la Merced. Posibilidad de parking, consultar disponibilidad. El edificio cuenta con ascensor para 4 personas. Los son techos altos, ventanas y balcones cl\u00e1sicos.<\/p>\n<p>&nbsp;<\/p>\n<p>Licencia Tur\u00edstica Categor\u00eda 1 Llave N\u00ba A\/MA\/01908.<\/p>\n","protected":false},"excerpt":{"rendered":"<p>Un excelente apartamento para 2 personas<\/p>\n","protected":false},"featured_media":1305,"comment_status":"open","ping_status":"closed","template":"","meta":[],"product_brand":[],"product_cat":[94],"product_tag":[98,97,150,166,139,138,168,147,169,140,149,171,143,95,141,101,148,172,167,100,152,146,96,153,99],"class_list":{"0":"post-834","1":"product","2":"type-product","3":"status-publish","4":"has-post-thumbnail","6":"product_cat-clemens-es","7":"product_tag-aircon-es-2","8":"product_tag-parking-es-2","9":"product_tag-parking-paid-es","10":"product_tag-first-aid-es","11":"product_tag-coffee-machine-es-2","12":"product_tag-boiler-es","13":"product_tag-heating-es","14":"product_tag-kitchen-es","15":"product_tag-freezer-es-2","16":"product_tag-cot-es","17":"product_tag-outside-space-es","18":"product_tag-fire-extinguisher-es","19":"product_tag-electric-kettle-es","20":"product_tag-washer-es-2","21":"product_tag-dishwasher-es-2","22":"product_tag-microwave-es-2","23":"product_tag-microwave-oven-es","24":"product_tag-mini-fridge-es","25":"product_tag-nespresso-es","26":"product_tag-steam-iron-es-2","27":"product_tag-plates-cutlery-es-2","28":"product_tag-hair-dryer-es","29":"product_tag-tv-es","30":"product_tag-toaster-es","31":"product_tag-wifi-es-2","32":"pa_bathrooms-2-es","34":"first","35":"instock","36":"sold-individually","37":"taxable","38":"shipping-taxable","39":"purchasable","40":"product-type-booking"},"acf":[],"_links":{"self":[{"href":"https:\/\/holidayinmalaga.com\/es\/wp-json\/wp\/v2\/product\/834","targetHints":{"allow":["GET"]}}],"collection":[{"href":"https:\/\/holidayinmalaga.com\/es\/wp-json\/wp\/v2\/product"}],"about":[{"href":"https:\/\/holidayinmalaga.com\/es\/wp-json\/wp\/v2\/types\/product"}],"replies":[{"embeddable":true,"href":"https:\/\/holidayinmalaga.com\/es\/wp-json\/wp\/v2\/comments?post=834"}],"wp:featuredmedia":[{"embeddable":true,"href":"https:\/\/holidayinmalaga.com\/es\/wp-json\/wp\/v2\/media\/1305"}],"wp:attachment":[{"href":"https:\/\/holidayinmalaga.com\/es\/wp-json\/wp\/v2\/media?parent=834"}],"wp:term":[{"taxonomy":"product_brand","embeddable":true,"href":"https:\/\/holidayinmalaga.com\/es\/wp-json\/wp\/v2\/product_brand?post=834"},{"taxonomy":"product_cat","embeddable":true,"href":"https:\/\/holidayinmalaga.com\/es\/wp-json\/wp\/v2\/product_cat?post=834"},{"taxonomy":"product_tag","embeddable":true,"href":"https:\/\/holidayinmalaga.com\/es\/wp-json\/wp\/v2\/product_tag?post=834"}],"curies":[{"name":"wp","href":"https:\/\/api.w.org\/{rel}","templated":true}]}}