{"id":728,"date":"2024-12-01T11:06:06","date_gmt":"2024-12-01T11:06:06","guid":{"rendered":"https:\/\/holidayinmalaga.com\/apartment\/clemens-apartamento-1\/"},"modified":"2024-12-25T10:44:11","modified_gmt":"2024-12-25T10:44:11","slug":"clemens-1","status":"publish","type":"product","link":"https:\/\/holidayinmalaga.com\/es\/apartment\/clemens-1\/","title":{"rendered":"Authentic Studio Alcazaba Viv 1"},"content":{"rendered":"<p>Este es un alojamiento \u00fanico con identidad propia, que combina elementos hist\u00f3ricos y modernos, y est\u00e1 lleno de personalidad y estilo. Este es un alojamiento \u00fanico con identidad propia, que combina elementos hist\u00f3ricos y modernos, y est\u00e1 lleno de personalidad y estilo.<br \/>\nEl edificio en s\u00ed es hist\u00f3rico y fue completamente renovado hace dos a\u00f1os. Situado junto a la Plaza de la Merced, dispone de aparcamiento bajo petici\u00f3n. El edificio dispone de ascensor para un m\u00e1ximo de cuatro personas, con techos altos y ventanas y balcones cl\u00e1sicos. Licencia Tur\u00edstica: Categor\u00eda 1 N\u00ba de Llave. A\/MA\/01908.<\/p>\n","protected":false},"excerpt":{"rendered":"<p>Bedrooms: Double bedroom (double bed 150&#215;200 cm)<\/p>\n<p>Bathrooms: 1<\/p>\n<p>Living-dining room: TV Samsung 50&#8243;<\/p>\n<p>Round dining table &amp; 4 chairs<\/p>\n<p>Sofa<\/p>\n","protected":false},"featured_media":1257,"comment_status":"open","ping_status":"closed","template":"","meta":[],"product_brand":[],"product_cat":[94],"product_tag":[98,150,166,139,138,168,147,169,140,149,171,143,95,141,101,148,172,167,100,152,146,96,153,99],"class_list":{"0":"post-728","1":"product","2":"type-product","3":"status-publish","4":"has-post-thumbnail","6":"product_cat-clemens-es","7":"product_tag-aircon-es-2","8":"product_tag-parking-paid-es","9":"product_tag-first-aid-es","10":"product_tag-coffee-machine-es-2","11":"product_tag-boiler-es","12":"product_tag-heating-es","13":"product_tag-kitchen-es","14":"product_tag-freezer-es-2","15":"product_tag-cot-es","16":"product_tag-outside-space-es","17":"product_tag-fire-extinguisher-es","18":"product_tag-electric-kettle-es","19":"product_tag-washer-es-2","20":"product_tag-dishwasher-es-2","21":"product_tag-microwave-es-2","22":"product_tag-microwave-oven-es","23":"product_tag-mini-fridge-es","24":"product_tag-nespresso-es","25":"product_tag-steam-iron-es-2","26":"product_tag-plates-cutlery-es-2","27":"product_tag-hair-dryer-es","28":"product_tag-tv-es","29":"product_tag-toaster-es","30":"product_tag-wifi-es-2","32":"first","33":"instock","34":"sold-individually","35":"taxable","36":"shipping-taxable","37":"purchasable","38":"product-type-booking"},"acf":[],"_links":{"self":[{"href":"https:\/\/holidayinmalaga.com\/es\/wp-json\/wp\/v2\/product\/728","targetHints":{"allow":["GET"]}}],"collection":[{"href":"https:\/\/holidayinmalaga.com\/es\/wp-json\/wp\/v2\/product"}],"about":[{"href":"https:\/\/holidayinmalaga.com\/es\/wp-json\/wp\/v2\/types\/product"}],"replies":[{"embeddable":true,"href":"https:\/\/holidayinmalaga.com\/es\/wp-json\/wp\/v2\/comments?post=728"}],"wp:featuredmedia":[{"embeddable":true,"href":"https:\/\/holidayinmalaga.com\/es\/wp-json\/wp\/v2\/media\/1257"}],"wp:attachment":[{"href":"https:\/\/holidayinmalaga.com\/es\/wp-json\/wp\/v2\/media?parent=728"}],"wp:term":[{"taxonomy":"product_brand","embeddable":true,"href":"https:\/\/holidayinmalaga.com\/es\/wp-json\/wp\/v2\/product_brand?post=728"},{"taxonomy":"product_cat","embeddable":true,"href":"https:\/\/holidayinmalaga.com\/es\/wp-json\/wp\/v2\/product_cat?post=728"},{"taxonomy":"product_tag","embeddable":true,"href":"https:\/\/holidayinmalaga.com\/es\/wp-json\/wp\/v2\/product_tag?post=728"}],"curies":[{"name":"wp","href":"https:\/\/api.w.org\/{rel}","templated":true}]}}