{"id":1815,"date":"2024-12-11T04:35:44","date_gmt":"2024-12-11T04:35:44","guid":{"rendered":"https:\/\/holidayinmalaga.com\/formulario-de-testimonios\/"},"modified":"2025-01-02T15:26:46","modified_gmt":"2025-01-02T15:26:46","slug":"formulario-de-testimonios","status":"publish","type":"page","link":"https:\/\/holidayinmalaga.com\/es\/formulario-de-testimonios\/","title":{"rendered":"Formulario de testimonios"},"content":{"rendered":"\n<div class=\"wp-block-group review-block is-layout-constrained wp-block-group-is-layout-constrained\">\n<h1 class=\"wp-block-heading\">\u00bfQu\u00e9 tal fue tu estancia?<\/h1>\n\n\n\n<p>Nos encantar\u00eda saber qu\u00e9 te ha parecido tu estancia. \u00bfHubo algo que te gust\u00f3 especialmente? \u00bfHay algo en lo que podamos mejorar? \u00a1Por favor, cu\u00e9ntanoslo para que podamos seguir mejorando nuestro servicio y hacer que tu pr\u00f3xima estancia sea a\u00fan mejor!   <\/p>\n\n\n\n<div style=\"height:44px\" aria-hidden=\"true\" class=\"wp-block-spacer\"><\/div>\n\n\n<script>\nvar gform;gform||(document.addEventListener(\"gform_main_scripts_loaded\",function(){gform.scriptsLoaded=!0}),document.addEventListener(\"gform\/theme\/scripts_loaded\",function(){gform.themeScriptsLoaded=!0}),window.addEventListener(\"DOMContentLoaded\",function(){gform.domLoaded=!0}),gform={domLoaded:!1,scriptsLoaded:!1,themeScriptsLoaded:!1,isFormEditor:()=>\"function\"==typeof InitializeEditor,callIfLoaded:function(o){return!(!gform.domLoaded||!gform.scriptsLoaded||!gform.themeScriptsLoaded&&!gform.isFormEditor()||(gform.isFormEditor()&&console.warn(\"The use of gform.initializeOnLoaded() is deprecated in the form editor context and will be removed in Gravity Forms 3.1.\"),o(),0))},initializeOnLoaded:function(o){gform.callIfLoaded(o)||(document.addEventListener(\"gform_main_scripts_loaded\",()=>{gform.scriptsLoaded=!0,gform.callIfLoaded(o)}),document.addEventListener(\"gform\/theme\/scripts_loaded\",()=>{gform.themeScriptsLoaded=!0,gform.callIfLoaded(o)}),window.addEventListener(\"DOMContentLoaded\",()=>{gform.domLoaded=!0,gform.callIfLoaded(o)}))},hooks:{action:{},filter:{}},addAction:function(o,r,e,t){gform.addHook(\"action\",o,r,e,t)},addFilter:function(o,r,e,t){gform.addHook(\"filter\",o,r,e,t)},doAction:function(o){gform.doHook(\"action\",o,arguments)},applyFilters:function(o){return gform.doHook(\"filter\",o,arguments)},removeAction:function(o,r){gform.removeHook(\"action\",o,r)},removeFilter:function(o,r,e){gform.removeHook(\"filter\",o,r,e)},addHook:function(o,r,e,t,n){null==gform.hooks[o][r]&&(gform.hooks[o][r]=[]);var d=gform.hooks[o][r];null==n&&(n=r+\"_\"+d.length),gform.hooks[o][r].push({tag:n,callable:e,priority:t=null==t?10:t})},doHook:function(r,o,e){var t;if(e=Array.prototype.slice.call(e,1),null!=gform.hooks[r][o]&&((o=gform.hooks[r][o]).sort(function(o,r){return o.priority-r.priority}),o.forEach(function(o){\"function\"!=typeof(t=o.callable)&&(t=window[t]),\"action\"==r?t.apply(null,e):e[0]=t.apply(null,e)})),\"filter\"==r)return e[0]},removeHook:function(o,r,t,n){var e;null!=gform.hooks[o][r]&&(e=(e=gform.hooks[o][r]).filter(function(o,r,e){return!!(null!=n&&n!=o.tag||null!=t&&t!=o.priority)}),gform.hooks[o][r]=e)}});\n<\/script>\n\n                <div class='gf_browser_gecko gform_wrapper gform-theme gform-theme--foundation gform-theme--framework gform-theme--orbital' data-form-theme='orbital' data-form-index='0' id='gform_wrapper_2' ><style>#gform_wrapper_2[data-form-index=\"0\"].gform-theme,[data-parent-form=\"2_0\"]{--gf-color-primary: #958150;--gf-color-primary-rgb: 149, 129, 80;--gf-color-primary-contrast: #fff;--gf-color-primary-contrast-rgb: 255, 255, 255;--gf-color-primary-darker: #634F1E;--gf-color-primary-lighter: #C7B382;--gf-color-secondary: #fff;--gf-color-secondary-rgb: 255, 255, 255;--gf-color-secondary-contrast: #112337;--gf-color-secondary-contrast-rgb: 17, 35, 55;--gf-color-secondary-darker: #F5F5F5;--gf-color-secondary-lighter: #FFFFFF;--gf-color-out-ctrl-light: rgba(17, 35, 55, 0.1);--gf-color-out-ctrl-light-rgb: 17, 35, 55;--gf-color-out-ctrl-light-darker: rgba(104, 110, 119, 0.35);--gf-color-out-ctrl-light-lighter: #F5F5F5;--gf-color-out-ctrl-dark: #585e6a;--gf-color-out-ctrl-dark-rgb: 88, 94, 106;--gf-color-out-ctrl-dark-darker: #112337;--gf-color-out-ctrl-dark-lighter: rgba(17, 35, 55, 0.65);--gf-color-in-ctrl: #fff;--gf-color-in-ctrl-rgb: 255, 255, 255;--gf-color-in-ctrl-contrast: #112337;--gf-color-in-ctrl-contrast-rgb: 17, 35, 55;--gf-color-in-ctrl-darker: #F5F5F5;--gf-color-in-ctrl-lighter: #FFFFFF;--gf-color-in-ctrl-primary: #958150;--gf-color-in-ctrl-primary-rgb: 149, 129, 80;--gf-color-in-ctrl-primary-contrast: #fff;--gf-color-in-ctrl-primary-contrast-rgb: 255, 255, 255;--gf-color-in-ctrl-primary-darker: #634F1E;--gf-color-in-ctrl-primary-lighter: #C7B382;--gf-color-in-ctrl-light: rgba(17, 35, 55, 0.1);--gf-color-in-ctrl-light-rgb: 17, 35, 55;--gf-color-in-ctrl-light-darker: rgba(104, 110, 119, 0.35);--gf-color-in-ctrl-light-lighter: #F5F5F5;--gf-color-in-ctrl-dark: #585e6a;--gf-color-in-ctrl-dark-rgb: 88, 94, 106;--gf-color-in-ctrl-dark-darker: #112337;--gf-color-in-ctrl-dark-lighter: rgba(17, 35, 55, 0.65);--gf-radius: 5px;--gf-font-size-secondary: 15px;--gf-font-size-tertiary: 13px;--gf-icon-ctrl-number: url(\"data:image\/svg+xml,%3Csvg width='8' height='14' viewBox='0 0 8 14' fill='none' xmlns='http:\/\/www.w3.org\/2000\/svg'%3E%3Cpath fill-rule='evenodd' clip-rule='evenodd' d='M4 0C4.26522 5.96046e-08 4.51957 0.105357 4.70711 0.292893L7.70711 3.29289C8.09763 3.68342 8.09763 4.31658 7.70711 4.70711C7.31658 5.09763 6.68342 5.09763 6.29289 4.70711L4 2.41421L1.70711 4.70711C1.31658 5.09763 0.683417 5.09763 0.292893 4.70711C-0.0976311 4.31658 -0.097631 3.68342 0.292893 3.29289L3.29289 0.292893C3.48043 0.105357 3.73478 0 4 0ZM0.292893 9.29289C0.683417 8.90237 1.31658 8.90237 1.70711 9.29289L4 11.5858L6.29289 9.29289C6.68342 8.90237 7.31658 8.90237 7.70711 9.29289C8.09763 9.68342 8.09763 10.3166 7.70711 10.7071L4.70711 13.7071C4.31658 14.0976 3.68342 14.0976 3.29289 13.7071L0.292893 10.7071C-0.0976311 10.3166 -0.0976311 9.68342 0.292893 9.29289Z' fill='rgba(17, 35, 55, 0.65)'\/%3E%3C\/svg%3E\");--gf-icon-ctrl-select: url(\"data:image\/svg+xml,%3Csvg width='10' height='6' viewBox='0 0 10 6' fill='none' xmlns='http:\/\/www.w3.org\/2000\/svg'%3E%3Cpath fill-rule='evenodd' clip-rule='evenodd' d='M0.292893 0.292893C0.683417 -0.097631 1.31658 -0.097631 1.70711 0.292893L5 3.58579L8.29289 0.292893C8.68342 -0.0976311 9.31658 -0.0976311 9.70711 0.292893C10.0976 0.683417 10.0976 1.31658 9.70711 1.70711L5.70711 5.70711C5.31658 6.09763 4.68342 6.09763 4.29289 5.70711L0.292893 1.70711C-0.0976311 1.31658 -0.0976311 0.683418 0.292893 0.292893Z' fill='rgba(17, 35, 55, 0.65)'\/%3E%3C\/svg%3E\");--gf-icon-ctrl-search: url(\"data:image\/svg+xml,%3Csvg width='640' height='640' xmlns='http:\/\/www.w3.org\/2000\/svg'%3E%3Cpath d='M256 128c-70.692 0-128 57.308-128 128 0 70.691 57.308 128 128 128 70.691 0 128-57.309 128-128 0-70.692-57.309-128-128-128zM64 256c0-106.039 85.961-192 192-192s192 85.961 192 192c0 41.466-13.146 79.863-35.498 111.248l154.125 154.125c12.496 12.496 12.496 32.758 0 45.254s-32.758 12.496-45.254 0L367.248 412.502C335.862 434.854 297.467 448 256 448c-106.039 0-192-85.962-192-192z' fill='rgba(17, 35, 55, 0.65)'\/%3E%3C\/svg%3E\");--gf-label-space-y-secondary: var(--gf-label-space-y-md-secondary);--gf-ctrl-border-color: #686e77;--gf-ctrl-size: var(--gf-ctrl-size-md);--gf-ctrl-label-color-primary: #112337;--gf-ctrl-label-color-secondary: #112337;--gf-ctrl-choice-size: var(--gf-ctrl-choice-size-md);--gf-ctrl-checkbox-check-size: var(--gf-ctrl-checkbox-check-size-md);--gf-ctrl-radio-check-size: var(--gf-ctrl-radio-check-size-md);--gf-ctrl-btn-font-size: var(--gf-ctrl-btn-font-size-md);--gf-ctrl-btn-padding-x: var(--gf-ctrl-btn-padding-x-md);--gf-ctrl-btn-size: var(--gf-ctrl-btn-size-md);--gf-ctrl-btn-border-color-secondary: #686e77;--gf-ctrl-file-btn-bg-color-hover: #EBEBEB;--gf-field-img-choice-size: var(--gf-field-img-choice-size-md);--gf-field-img-choice-card-space: var(--gf-field-img-choice-card-space-md);--gf-field-img-choice-check-ind-size: var(--gf-field-img-choice-check-ind-size-md);--gf-field-img-choice-check-ind-icon-size: var(--gf-field-img-choice-check-ind-icon-size-md);--gf-field-pg-steps-number-color: rgba(17, 35, 55, 0.8);}<\/style><div id='gf_2' class='gform_anchor' tabindex='-1'><\/div><form method='post' enctype='multipart\/form-data'  id='gform_2'  action='\/es\/wp-json\/wp\/v2\/pages\/1815#gf_2' data-formid='2' novalidate><div class='gf_invisible ginput_recaptchav3' data-sitekey='6LeQLkcjAAAAAMdFDY3Nr9ghAhHqU07-fejLRfr7' data-tabindex='0'><input id=\"input_b39d2090254f3bd186a1afba0f143234\" class=\"gfield_recaptcha_response\" type=\"hidden\" name=\"input_b39d2090254f3bd186a1afba0f143234\" value=\"\"\/><\/div>\n                        <div class='gform-body gform_body'><div id='gform_fields_2' class='gform_fields top_label form_sublabel_below description_below validation_below'><fieldset id=\"field_2_1\" class=\"gfield gfield--type-name gfield_contains_required field_sublabel_hidden_label gfield--no-description field_description_below field_validation_below gfield_visibility_visible\"  ><legend class='gfield_label gform-field-label gfield_label_before_complex' >Nombre<span class=\"gfield_required\"><span class=\"gfield_required gfield_required_text\">(Obligatorio)<\/span><\/span><\/legend><div class='ginput_complex ginput_container ginput_container--name no_prefix has_first_name no_middle_name no_last_name no_suffix gf_name_has_1 ginput_container_name gform-grid-row' id='input_2_1'>\n                            \n                            <span id='input_2_1_3_container' class='name_first gform-grid-col gform-grid-col--size-auto' >\n                                                    <input type='text' name='input_1.3' id='input_2_1_3' value=''   aria-required='true'     \/>\n                                                    <label for='input_2_1_3' class='gform-field-label gform-field-label--type-sub hidden_sub_label screen-reader-text'>Nombre completo<\/label>\n                                                <\/span>\n                            \n                            \n                            \n                        <\/div><\/fieldset><div id=\"field_2_14\" class=\"gfield gfield--type-text gfield--width-full field_sublabel_below gfield--no-description field_description_below field_validation_below gfield_visibility_visible\"  ><label class='gfield_label gform-field-label' for='input_2_14'>\u00bfDe qu\u00e9 pa\u00eds o ciudad nos has visitado?<\/label><div class='ginput_container ginput_container_text'><input name='input_14' id='input_2_14' type='text' value='' class='large'      aria-invalid=\"false\"   \/><\/div><\/div><div id=\"field_2_5\" class=\"gfield gfield--type-select gfield--width-full gfield_contains_required field_sublabel_below gfield--no-description field_description_below field_validation_below gfield_visibility_visible\"  ><label class='gfield_label gform-field-label' for='input_2_5'>\u00bfDonde ha estado?<span class=\"gfield_required\"><span class=\"gfield_required gfield_required_text\">(Obligatorio)<\/span><\/span><\/label><div class='ginput_container ginput_container_select'><select name='input_5' id='input_2_5' class='large gfield_select'    aria-required=\"true\" aria-invalid=\"false\" ><option value='Pasaje Clemens - Viv 1' >Pasaje Clemens &#8211; Viv 1<\/option><option value='Pasaje Clemens - Viv 2' >Pasaje Clemens &#8211; Viv 2<\/option><option value='Pasaje Clemens - Viv 3' >Pasaje Clemens &#8211; Viv 3<\/option><option value='Victoria 13' >Victoria 13<\/option><\/select><\/div><\/div><div id=\"field_2_10\" class=\"gfield gfield--type-survey gfield--input-type-rating gfield--width-half field_sublabel_below gfield--no-description field_description_below field_validation_below gfield_visibility_visible gsurvey-survey-field \"  data-field-class=\"gsurvey-survey-field\" ><label class='gfield_label gform-field-label' >\u00bfC\u00f3mo valorar\u00eda la experiencia general de tu estancia?<\/label><div class='ginput_container gsurvey-rating-wrapper'><div class='gsurvey-rating' id='input_2_10'><input name='input_10' type='radio' value='grating10c43bc5bb'  id='choice_2_10_0'    \/><label for='choice_2_10_0' title='5'>5<\/label><input name='input_10' type='radio' value='grating1082916e5a'  id='choice_2_10_1'    \/><label for='choice_2_10_1' title='4'>4<\/label><input name='input_10' type='radio' value='grating106287ccf7'  id='choice_2_10_2'    \/><label for='choice_2_10_2' title='3'>3<\/label><input name='input_10' type='radio' value='grating10d38664ec'  id='choice_2_10_3'    \/><label for='choice_2_10_3' title='2'>2<\/label><input name='input_10' type='radio' value='grating1010e230d2'  id='choice_2_10_4'    \/><label for='choice_2_10_4' title='1'>1<\/label><\/div><\/div><\/div><div id=\"field_2_11\" class=\"gfield gfield--type-survey gfield--input-type-rating gfield--width-half field_sublabel_below gfield--no-description field_description_below field_validation_below gfield_visibility_visible gsurvey-survey-field \"  data-field-class=\"gsurvey-survey-field\" ><label class='gfield_label gform-field-label' >\u00bfC\u00f3mo valorar\u00eda la limpieza general del establecimiento?<\/label><div class='ginput_container gsurvey-rating-wrapper'><div class='gsurvey-rating' id='input_2_11'><input name='input_11' type='radio' value='grating10c43bc5bb'  id='choice_2_11_0'    \/><label for='choice_2_11_0' title='5'>5<\/label><input name='input_11' type='radio' value='grating1082916e5a'  id='choice_2_11_1'    \/><label for='choice_2_11_1' title='4'>4<\/label><input name='input_11' type='radio' value='grating106287ccf7'  id='choice_2_11_2'    \/><label for='choice_2_11_2' title='3'>3<\/label><input name='input_11' type='radio' value='grating10d38664ec'  id='choice_2_11_3'    \/><label for='choice_2_11_3' title='2'>2<\/label><input name='input_11' type='radio' value='grating1010e230d2'  id='choice_2_11_4'    \/><label for='choice_2_11_4' title='1'>1<\/label><\/div><\/div><\/div><div id=\"field_2_12\" class=\"gfield gfield--type-survey gfield--input-type-rating gfield--width-half field_sublabel_below gfield--no-description field_description_below field_validation_below gfield_visibility_visible gsurvey-survey-field \"  data-field-class=\"gsurvey-survey-field\" ><label class='gfield_label gform-field-label' >\u00bfRecomendar\u00eda el establecimiento?<\/label><div class='ginput_container gsurvey-rating-wrapper'><div class='gsurvey-rating' id='input_2_12'><input name='input_12' type='radio' value='grating10c43bc5bb'  id='choice_2_12_0'    \/><label for='choice_2_12_0' title='5'>5<\/label><input name='input_12' type='radio' value='grating1082916e5a'  id='choice_2_12_1'    \/><label for='choice_2_12_1' title='4'>4<\/label><input name='input_12' type='radio' value='grating106287ccf7'  id='choice_2_12_2'    \/><label for='choice_2_12_2' title='3'>3<\/label><input name='input_12' type='radio' value='grating10d38664ec'  id='choice_2_12_3'    \/><label for='choice_2_12_3' title='2'>2<\/label><input name='input_12' type='radio' value='grating1010e230d2'  id='choice_2_12_4'    \/><label for='choice_2_12_4' title='1'>1<\/label><\/div><\/div><\/div><div id=\"field_2_13\" class=\"gfield gfield--type-survey gfield--input-type-rating gfield--width-half field_sublabel_below gfield--no-description field_description_below field_validation_below gfield_visibility_visible gsurvey-survey-field \"  data-field-class=\"gsurvey-survey-field\" ><label class='gfield_label gform-field-label' >\u00bfSe han cumplido sus expectativas en su estancia?<\/label><div class='ginput_container gsurvey-rating-wrapper'><div class='gsurvey-rating' id='input_2_13'><input name='input_13' type='radio' value='grating10c43bc5bb'  id='choice_2_13_0'    \/><label for='choice_2_13_0' title='5'>5<\/label><input name='input_13' type='radio' value='grating1082916e5a'  id='choice_2_13_1'    \/><label for='choice_2_13_1' title='4'>4<\/label><input name='input_13' type='radio' value='grating106287ccf7'  id='choice_2_13_2'    \/><label for='choice_2_13_2' title='3'>3<\/label><input name='input_13' type='radio' value='grating10d38664ec'  id='choice_2_13_3'    \/><label for='choice_2_13_3' title='2'>2<\/label><input name='input_13' type='radio' value='grating1010e230d2'  id='choice_2_13_4'    \/><label for='choice_2_13_4' title='1'>1<\/label><\/div><\/div><\/div><div id=\"field_2_8\" class=\"gfield gfield--type-textarea field_sublabel_below gfield--no-description field_description_below field_validation_below gfield_visibility_visible\"  ><label class='gfield_label gform-field-label' for='input_2_8'>Comentarios:<\/label><div class='ginput_container ginput_container_textarea'><textarea name='input_8' id='input_2_8' class='textarea large'      aria-invalid=\"false\"   rows='10' cols='50'><\/textarea><\/div><\/div><\/div><\/div>\n        <div class='gform-footer gform_footer top_label'> <input type='submit' id='gform_submit_button_2' class='gform_button button' onclick='gform.submission.handleButtonClick(this);' data-submission-type='submit' value='Enviar'  \/> \n            <input type='hidden' class='gform_hidden' name='gform_submission_method' data-js='gform_submission_method_2' value='postback' \/>\n            <input type='hidden' class='gform_hidden' name='gform_theme' data-js='gform_theme_2' id='gform_theme_2' value='orbital' \/>\n            <input type='hidden' class='gform_hidden' name='gform_style_settings' data-js='gform_style_settings_2' id='gform_style_settings_2' value='{&quot;theme&quot;:&quot;orbital&quot;,&quot;inputBorderRadius&quot;:&quot;5&quot;,&quot;labelFontSize&quot;:&quot;15&quot;,&quot;descriptionFontSize&quot;:&quot;13&quot;,&quot;buttonPrimaryBackgroundColor&quot;:&quot;#958150&quot;}' \/>\n            <input type='hidden' class='gform_hidden' name='is_submit_2' value='1' \/>\n            <input type='hidden' class='gform_hidden' name='gform_submit' value='2' \/>\n            \n            <input type='hidden' class='gform_hidden' name='gform_unique_id' value='' \/>\n            <input type='hidden' class='gform_hidden' name='state_2' value='WyJ7XCI1XCI6W1wiN2YwNzA0YmYzZjA1NDkyNDgwMTczOTNkZjE5ZWRhNThcIixcIjZlNDlmZjIzZjE2ZjE2Y2FjM2RhNzc2MWUzNTIwNTFlXCIsXCI1YjM0Y2RjNGYwYTkyZTFjZjFiYTRjMTcxZjc2N2UwZFwiLFwiN2I1OGFlY2RhN2VhZTQwMzBlYmQyZmIxY2QyYWExMWNcIl19IiwiYjNhNzAwNWRmZDRkODY0MDZhNGZlYmM3ODg3YWRiZmIiXQ==' \/>\n            <input type='hidden' autocomplete='off' class='gform_hidden' name='gform_target_page_number_2' id='gform_target_page_number_2' value='0' \/>\n            <input type='hidden' autocomplete='off' class='gform_hidden' name='gform_source_page_number_2' id='gform_source_page_number_2' value='1' \/>\n            <input type='hidden' name='gform_field_values' value='' \/>\n            \n        <\/div>\n                        <\/form>\n                        <\/div><script>\ngform.initializeOnLoaded( function() {gformInitSpinner( 2, 'https:\/\/holidayinmalaga.com\/wp-content\/plugins\/gravityforms\/images\/spinner.svg', false );jQuery('#gform_ajax_frame_2').on('load',function(){var contents = jQuery(this).contents().find('*').html();var is_postback = contents.indexOf('GF_AJAX_POSTBACK') >= 0;if(!is_postback){return;}var form_content = jQuery(this).contents().find('#gform_wrapper_2');var is_confirmation = jQuery(this).contents().find('#gform_confirmation_wrapper_2').length > 0;var is_redirect = contents.indexOf('gformRedirect(){') >= 0;var is_form = form_content.length > 0 && ! is_redirect && ! is_confirmation;var mt = parseInt(jQuery('html').css('margin-top'), 10) + parseInt(jQuery('body').css('margin-top'), 10) + 100;if(is_form){jQuery('#gform_wrapper_2').html(form_content.html());if(form_content.hasClass('gform_validation_error')){jQuery('#gform_wrapper_2').addClass('gform_validation_error');} else {jQuery('#gform_wrapper_2').removeClass('gform_validation_error');}setTimeout( function() { \/* delay the scroll by 50 milliseconds to fix a bug in chrome *\/ jQuery(document).scrollTop(10000); }, 50 );if(window['gformInitDatepicker']) {gformInitDatepicker();}if(window['gformInitPriceFields']) {gformInitPriceFields();}var current_page = jQuery('#gform_source_page_number_2').val();gformInitSpinner( 2, 'https:\/\/holidayinmalaga.com\/wp-content\/plugins\/gravityforms\/images\/spinner.svg', false );jQuery(document).trigger('gform_page_loaded', [2, current_page]);window['gf_submitting_2'] = false;}else if(!is_redirect){var confirmation_content = jQuery(this).contents().find('.GF_AJAX_POSTBACK').html();if(!confirmation_content){confirmation_content = contents;}jQuery('#gform_wrapper_2').replaceWith(confirmation_content);jQuery(document).scrollTop(10000);jQuery(document).trigger('gform_confirmation_loaded', [2]);window['gf_submitting_2'] = false;wp.a11y.speak(jQuery('#gform_confirmation_message_2').text());}else{jQuery('#gform_2').append(contents);if(window['gformRedirect']) {gformRedirect();}}jQuery(document).trigger(\"gform_pre_post_render\", [{ formId: \"2\", currentPage: \"current_page\", abort: function() { this.preventDefault(); } }]);        if (event && event.defaultPrevented) {                return;        }        const gformWrapperDiv = document.getElementById( \"gform_wrapper_2\" );        if ( gformWrapperDiv ) {            const visibilitySpan = document.createElement( \"span\" );            visibilitySpan.id = \"gform_visibility_test_2\";            gformWrapperDiv.insertAdjacentElement( \"afterend\", visibilitySpan );        }        const visibilityTestDiv = document.getElementById( \"gform_visibility_test_2\" );        let postRenderFired = false;        function triggerPostRender() {            if ( postRenderFired ) {                return;            }            postRenderFired = true;            gform.core.triggerPostRenderEvents( 2, current_page );            if ( visibilityTestDiv ) {                visibilityTestDiv.parentNode.removeChild( visibilityTestDiv );            }        }        function debounce( func, wait, immediate ) {            var timeout;            return function() {                var context = this, args = arguments;                var later = function() {                    timeout = null;                    if ( !immediate ) func.apply( context, args );                };                var callNow = immediate && !timeout;                clearTimeout( timeout );                timeout = setTimeout( later, wait );                if ( callNow ) func.apply( context, args );            };        }        const debouncedTriggerPostRender = debounce( function() {            triggerPostRender();        }, 200 );        if ( visibilityTestDiv && visibilityTestDiv.offsetParent === null ) {            const observer = new MutationObserver( ( mutations ) => {                mutations.forEach( ( mutation ) => {                    if ( mutation.type === 'attributes' && visibilityTestDiv.offsetParent !== null ) {                        debouncedTriggerPostRender();                        observer.disconnect();                    }                });            });            observer.observe( document.body, {                attributes: true,                childList: false,                subtree: true,                attributeFilter: [ 'style', 'class' ],            });        } else {            triggerPostRender();        }    } );} );\n<\/script>\n<\/div>\n","protected":false},"excerpt":{"rendered":"<p>\u00bfQu\u00e9 tal fue tu estancia? Nos encantar\u00eda saber qu\u00e9 te ha parecido tu estancia. \u00bfHubo algo que te gust\u00f3 especialmente? \u00bfHay algo en lo que podamos mejorar? \u00a1Por favor, cu\u00e9ntanoslo para que podamos seguir mejorando nuestro servicio y hacer que tu pr\u00f3xima estancia sea a\u00fan mejor!<\/p>\n","protected":false},"author":1,"featured_media":0,"parent":0,"menu_order":0,"comment_status":"closed","ping_status":"closed","template":"","meta":{"footnotes":""},"class_list":["post-1815","page","type-page","status-publish","hentry"],"acf":[],"_links":{"self":[{"href":"https:\/\/holidayinmalaga.com\/es\/wp-json\/wp\/v2\/pages\/1815","targetHints":{"allow":["GET"]}}],"collection":[{"href":"https:\/\/holidayinmalaga.com\/es\/wp-json\/wp\/v2\/pages"}],"about":[{"href":"https:\/\/holidayinmalaga.com\/es\/wp-json\/wp\/v2\/types\/page"}],"author":[{"embeddable":true,"href":"https:\/\/holidayinmalaga.com\/es\/wp-json\/wp\/v2\/users\/1"}],"replies":[{"embeddable":true,"href":"https:\/\/holidayinmalaga.com\/es\/wp-json\/wp\/v2\/comments?post=1815"}],"version-history":[{"count":2,"href":"https:\/\/holidayinmalaga.com\/es\/wp-json\/wp\/v2\/pages\/1815\/revisions"}],"predecessor-version":[{"id":1817,"href":"https:\/\/holidayinmalaga.com\/es\/wp-json\/wp\/v2\/pages\/1815\/revisions\/1817"}],"wp:attachment":[{"href":"https:\/\/holidayinmalaga.com\/es\/wp-json\/wp\/v2\/media?parent=1815"}],"curies":[{"name":"wp","href":"https:\/\/api.w.org\/{rel}","templated":true}]}}